{"id":138,"date":"2026-04-06T14:21:14","date_gmt":"2026-04-06T17:21:14","guid":{"rendered":"https:\/\/gfadvocacia.com\/?page_id=138"},"modified":"2026-04-06T14:29:51","modified_gmt":"2026-04-06T17:29:51","slug":"politica-de-privacidade-e-seguranca","status":"publish","type":"page","link":"https:\/\/gfadvocacia.com\/index.php\/politica-de-privacidade-e-seguranca\/","title":{"rendered":"Politica de Privacidade e Seguran\u00e7a"},"content":{"rendered":"\t\t<div data-elementor-type=\"wp-page\" data-elementor-id=\"138\" class=\"elementor elementor-138\" data-elementor-post-type=\"page\">\n\t\t\t\t<div class=\"elementor-element elementor-element-aa751c4 e-flex e-con-boxed e-con e-parent\" data-id=\"aa751c4\" data-element_type=\"container\">\n\t\t\t\t\t<div class=\"e-con-inner\">\n\t\t\t\t<div class=\"elementor-element elementor-element-1e3f97a elementor-widget elementor-widget-image\" data-id=\"1e3f97a\" data-element_type=\"widget\" data-widget_type=\"image.default\">\n\t\t\t\t<div class=\"elementor-widget-container\">\n\t\t\t\t\t\t\t\t\t\t\t\t\t\t\t<img fetchpriority=\"high\" decoding=\"async\" width=\"1024\" height=\"545\" src=\"https:\/\/gfadvocacia.com\/wp-content\/uploads\/2026\/04\/Galvao-e-FelbergLogo-copia-1024x545.png\" class=\"attachment-large size-large wp-image-140\" alt=\"\" srcset=\"https:\/\/gfadvocacia.com\/wp-content\/uploads\/2026\/04\/Galvao-e-FelbergLogo-copia-1024x545.png 1024w, https:\/\/gfadvocacia.com\/wp-content\/uploads\/2026\/04\/Galvao-e-FelbergLogo-copia-300x160.png 300w, https:\/\/gfadvocacia.com\/wp-content\/uploads\/2026\/04\/Galvao-e-FelbergLogo-copia-768x409.png 768w, https:\/\/gfadvocacia.com\/wp-content\/uploads\/2026\/04\/Galvao-e-FelbergLogo-copia-1536x817.png 1536w, https:\/\/gfadvocacia.com\/wp-content\/uploads\/2026\/04\/Galvao-e-FelbergLogo-copia.png 2000w\" sizes=\"(max-width: 1024px) 100vw, 1024px\" \/>\t\t\t\t\t\t\t\t\t\t\t\t\t\t\t<\/div>\n\t\t\t\t<\/div>\n\t\t\t\t\t<\/div>\n\t\t\t\t<\/div>\n\t\t<div class=\"elementor-element elementor-element-fefefd8 e-flex e-con-boxed e-con e-parent\" data-id=\"fefefd8\" data-element_type=\"container\">\n\t\t\t\t\t<div class=\"e-con-inner\">\n\t\t\t\t<div class=\"elementor-element elementor-element-fa68d85 elementor-widget elementor-widget-text-editor\" data-id=\"fa68d85\" data-element_type=\"widget\" data-widget_type=\"text-editor.default\">\n\t\t\t\t<div class=\"elementor-widget-container\">\n\t\t\t\t\t\t\t\t\t<h6>PROTE\u00c7\u00c3O DE DADOS E SEGURAN\u00c7A DA INFORMA\u00c7\u00c3O<\/h6><h6>O escrit\u00f3rio adota pr\u00e1ticas de prote\u00e7\u00e3o de dados e seguran\u00e7a da informa\u00e7\u00e3o compat\u00edveis com a legisla\u00e7\u00e3o vigente, garantindo que todas as informa\u00e7\u00f5es recebidas sejam tratadas com confidencialidade, responsabilidade e seguran\u00e7a. Os dados pessoais s\u00e3o utilizados exclusivamente para a presta\u00e7\u00e3o de servi\u00e7os jur\u00eddicos, respeitando sua finalidade e os direitos do titular. O escrit\u00f3rio possui, ainda, cl\u00e1usulas contratuais espec\u00edficas que tratam da prote\u00e7\u00e3o de dados e da seguran\u00e7a da informa\u00e7\u00e3o, assegurando transpar\u00eancia e conformidade nas rela\u00e7\u00f5es com seus clientes.<\/h6><h6>1. IDENTIFICA\u00c7\u00c3O<br \/>Controlador: GALV\u00c3O E FELBERG SOCIEDADE DE ADVOGADOS<br \/>Encarregado (DPO): Victor Antonio Galv\u00e3o<\/h6><h6>2. PRINC\u00cdPIOS DE TRATAMENTO<br \/>O tratamento de dados observa os princ\u00edpios da LGPD: finalidade; necessidade; adequa\u00e7\u00e3o; transpar\u00eancia; seguran\u00e7a; preven\u00e7\u00e3o; n\u00e3o discrimina\u00e7\u00e3o; responsabiliza\u00e7\u00e3o.<\/h6><h6>3. DADOS COLETADOS<br \/>O escrit\u00f3rio poder\u00e1 tratar: dados cadastrais; documentos pessoais; informa\u00e7\u00f5es processuais; dados fornecidos em atendimento; dados coletados via site.<\/h6><h6>4. FINALIDADE<br \/>Os dados s\u00e3o utilizados para: presta\u00e7\u00e3o de servi\u00e7os jur\u00eddicos; execu\u00e7\u00e3o contratual; cumprimento de obriga\u00e7\u00f5es legais; atua\u00e7\u00e3o judicial e administrativa; comunica\u00e7\u00e3o com clientes.<\/h6><h6>5. BASE LEGAL<br \/>O tratamento ocorre com fundamento em: execu\u00e7\u00e3o de contrato; obriga\u00e7\u00e3o legal; exerc\u00edcio regular de direitos; leg\u00edtimo interesse; consentimento, quando necess\u00e1rio.<\/h6><h6>6. COMPARTILHAMENTO<br \/>O compartilhamento ocorre apenas quando necess\u00e1rio, com: Poder Judici\u00e1rio; \u00f3rg\u00e3os p\u00fablicos; parceiros t\u00e9cnicos; Sempre limitado ao necess\u00e1rio.<\/h6><h6><br \/>7. SEGURAN\u00c7A DA INFORMA\u00c7\u00c3O<br \/>O escrit\u00f3rio adota medidas t\u00e9cnicas e organizacionais para prote\u00e7\u00e3o dos dados, incluindo: uso de Google Drive corporativo com criptografia e seguran\u00e7a no armazenamento; utiliza\u00e7\u00e3o de sistema jur\u00eddico online com prote\u00e7\u00e3o pr\u00f3pria; controle de acesso restrito aos dados; compartilhamento apenas em ambientes controlados; acesso limitado aos advogados do escrit\u00f3rio; uso de dispositivos autorizados.<br \/>Essas medidas visam prevenir: acesso indevido; vazamento de dados; perda ou altera\u00e7\u00e3o de informa\u00e7\u00f5es.<\/h6><h6>8. ARMAZENAMENTO E RETEN\u00c7\u00c3O<br \/>Os dados s\u00e3o mantidos: pelo tempo necess\u00e1rio \u00e0 presta\u00e7\u00e3o do servi\u00e7o; conforme exig\u00eancias legais; Ap\u00f3s esse per\u00edodo, poder\u00e3o ser exclu\u00eddos ou armazenados de forma segura.<\/h6><h6>9. DIREITOS DO TITULAR<br \/>O titular pode solicitar: acesso aos dados; corre\u00e7\u00e3o; exclus\u00e3o (quando poss\u00edvel); informa\u00e7\u00e3o sobre uso; revoga\u00e7\u00e3o de consentimento.<\/h6><h6>10. COOKIES<br \/>O site pode utilizar cookies para funcionamento e melhoria da experi\u00eancia do usu\u00e1rio.<\/h6><h6>11. CONTATO<br \/>Respons\u00e1vel: Victor Antonio Galv\u00e3o &#8211; galvao@gfadvocacia.com \/ 46 999352000<\/h6>\t\t\t\t\t\t\t\t<\/div>\n\t\t\t\t<\/div>\n\t\t\t\t\t<\/div>\n\t\t\t\t<\/div>\n\t\t\t\t<\/div>\n\t\t","protected":false},"excerpt":{"rendered":"<p>PROTE\u00c7\u00c3O DE DADOS E SEGURAN\u00c7A DA INFORMA\u00c7\u00c3O O escrit\u00f3rio adota pr\u00e1ticas de prote\u00e7\u00e3o de dados e seguran\u00e7a da informa\u00e7\u00e3o compat\u00edveis com a legisla\u00e7\u00e3o vigente, garantindo que todas as informa\u00e7\u00f5es recebidas sejam tratadas com confidencialidade, responsabilidade e seguran\u00e7a. Os dados pessoais s\u00e3o utilizados exclusivamente para a presta\u00e7\u00e3o de servi\u00e7os jur\u00eddicos, respeitando sua finalidade e os direitos [&hellip;]<\/p>\n","protected":false},"author":1,"featured_media":71,"parent":0,"menu_order":0,"comment_status":"closed","ping_status":"closed","template":"elementor_canvas","meta":{"footnotes":""},"class_list":["post-138","page","type-page","status-publish","has-post-thumbnail","hentry"],"_links":{"self":[{"href":"https:\/\/gfadvocacia.com\/index.php\/wp-json\/wp\/v2\/pages\/138","targetHints":{"allow":["GET"]}}],"collection":[{"href":"https:\/\/gfadvocacia.com\/index.php\/wp-json\/wp\/v2\/pages"}],"about":[{"href":"https:\/\/gfadvocacia.com\/index.php\/wp-json\/wp\/v2\/types\/page"}],"author":[{"embeddable":true,"href":"https:\/\/gfadvocacia.com\/index.php\/wp-json\/wp\/v2\/users\/1"}],"replies":[{"embeddable":true,"href":"https:\/\/gfadvocacia.com\/index.php\/wp-json\/wp\/v2\/comments?post=138"}],"version-history":[{"count":7,"href":"https:\/\/gfadvocacia.com\/index.php\/wp-json\/wp\/v2\/pages\/138\/revisions"}],"predecessor-version":[{"id":158,"href":"https:\/\/gfadvocacia.com\/index.php\/wp-json\/wp\/v2\/pages\/138\/revisions\/158"}],"wp:featuredmedia":[{"embeddable":true,"href":"https:\/\/gfadvocacia.com\/index.php\/wp-json\/wp\/v2\/media\/71"}],"wp:attachment":[{"href":"https:\/\/gfadvocacia.com\/index.php\/wp-json\/wp\/v2\/media?parent=138"}],"curies":[{"name":"wp","href":"https:\/\/api.w.org\/{rel}","templated":true}]}}